{"id":9,"date":"2011-08-15T15:35:09","date_gmt":"2011-08-15T15:35:09","guid":{"rendered":"http:\/\/kwiaciarniajaslo.pl\/?page_id=9"},"modified":"2021-10-16T13:17:16","modified_gmt":"2021-10-16T13:17:16","slug":"box-sg3","status":"publish","type":"page","link":"http:\/\/kwiaciarniajaslo.pl\/index.php\/box-sg3\/","title":{"rendered":"O Nas"},"content":{"rendered":"<p>Kwiaty s\u0105 nasz\u0105 pasj\u0105 i jednocze\u015bnie profesj\u0105 ju\u017c od ponad 20 lat. Dzi\u0119ki naszemu zaanga\u017cowaniu i zaufaniu, kt\u00f3rym nas Pa\u0144stwo obdarzyli, uda\u0142o nam si\u0119 zbudowa\u0107 znan\u0105 i cenion\u0105 na rynku jasielskim mark\u0119.<\/p>\n<p>Zatrudniamy osoby z du\u017cym do\u015bwiadczeniem w bran\u017cy, regularnie uczestnicz\u0105ce w szkoleniach i pokazach florystycznych.<\/p>\n<p>Zapraszamy do kwiaciarni zielony ogr\u00f3d, gdzie nasi pracownicy sprostaj\u0105 Pa\u0144stwa wymaganiom i stworz\u0105 bukiet lub kompozycj\u0119 na ka\u017cd\u0105 okazj\u0119 oraz udziel\u0105 Pa\u0144stwu fachowych porad na temat kwiat\u00f3w.<\/p>\n<p>Posiadamy r\u00f3wnie\u017c udokumentowane do\u015bwiadczenie w prowadzeniu szkole\u0144 z zakresu florystyki.<br \/>\nJe\u015bli chcieliby Pa\u0144stwo skorzysta\u0107 z naszych us\u0142ug, prosimy o kontakt pod numerem tel. 605 252 400.<\/p>\n<p><a onclick=\"javascript:_gaq.push(['_trackPageview', '\/download\/wp-content\/uploads\/2011\/08\/Dyplom.jpg']);\"  href=\"http:\/\/kwiaciarniajaslo.pl\/wp-content\/uploads\/2011\/08\/Dyplom.jpg\"><img loading=\"lazy\" class=\"alignleft size-medium wp-image-342\" title=\"Dyplom\" src=\"http:\/\/kwiaciarniajaslo.pl\/wp-content\/uploads\/2011\/08\/Dyplom-216x300.jpg\" alt=\"\" width=\"216\" height=\"300\" srcset=\"http:\/\/kwiaciarniajaslo.pl\/wp-content\/uploads\/2011\/08\/Dyplom-216x300.jpg 216w, http:\/\/kwiaciarniajaslo.pl\/wp-content\/uploads\/2011\/08\/Dyplom-738x1024.jpg 738w\" sizes=\"(max-width: 216px) 100vw, 216px\" \/><\/a><\/p>\n","protected":false},"excerpt":{"rendered":"<p>Kwiaty s\u0105 nasz\u0105 pasj\u0105 i jednocze\u015bnie profesj\u0105 ju\u017c od ponad 20 lat. Dzi\u0119ki naszemu zaanga\u017cowaniu i zaufaniu, kt\u00f3rym nas Pa\u0144stwo obdarzyli, uda\u0142o nam si\u0119 zbudowa\u0107 znan\u0105 i cenion\u0105 na rynku jasielskim mark\u0119. Zatrudniamy osoby z du\u017cym do\u015bwiadczeniem w bran\u017cy, regularnie uczestnicz\u0105ce w szkoleniach i pokazach florystycznych. Zapraszamy do kwiaciarni zielony ogr\u00f3d, gdzie nasi pracownicy sprostaj\u0105 [&hellip;]<\/p>\n","protected":false},"author":1,"featured_media":0,"parent":0,"menu_order":0,"comment_status":"open","ping_status":"open","template":"","meta":[],"_links":{"self":[{"href":"http:\/\/kwiaciarniajaslo.pl\/index.php\/wp-json\/wp\/v2\/pages\/9"}],"collection":[{"href":"http:\/\/kwiaciarniajaslo.pl\/index.php\/wp-json\/wp\/v2\/pages"}],"about":[{"href":"http:\/\/kwiaciarniajaslo.pl\/index.php\/wp-json\/wp\/v2\/types\/page"}],"author":[{"embeddable":true,"href":"http:\/\/kwiaciarniajaslo.pl\/index.php\/wp-json\/wp\/v2\/users\/1"}],"replies":[{"embeddable":true,"href":"http:\/\/kwiaciarniajaslo.pl\/index.php\/wp-json\/wp\/v2\/comments?post=9"}],"version-history":[{"count":17,"href":"http:\/\/kwiaciarniajaslo.pl\/index.php\/wp-json\/wp\/v2\/pages\/9\/revisions"}],"predecessor-version":[{"id":664,"href":"http:\/\/kwiaciarniajaslo.pl\/index.php\/wp-json\/wp\/v2\/pages\/9\/revisions\/664"}],"wp:attachment":[{"href":"http:\/\/kwiaciarniajaslo.pl\/index.php\/wp-json\/wp\/v2\/media?parent=9"}],"curies":[{"name":"wp","href":"https:\/\/api.w.org\/{rel}","templated":true}]}}