{"id":208,"date":"2011-08-18T09:39:08","date_gmt":"2011-08-18T09:39:08","guid":{"rendered":"http:\/\/kwiaciarniajaslo.pl\/?page_id=208"},"modified":"2012-10-21T17:46:00","modified_gmt":"2012-10-21T17:46:00","slug":"zamowienia-specjalne","status":"publish","type":"page","link":"http:\/\/kwiaciarniajaslo.pl\/index.php\/zamowienia-specjalne\/","title":{"rendered":"Zam\u00f3wienia specjalne"},"content":{"rendered":"<p style=\"text-align: left;\" align=\"center\"><em>Spe\u0142nimy Pa\u0144stwa wymagania<\/em><em> i przygotujemy nawet najbardziej nietypow\u0105 aran\u017cacj\u0119 z kwiat\u00f3w \u017cywych lub sztucznych.<\/em><\/p>\n<p><strong>Przyk\u0142adowe realizacje:<\/strong><\/p>\n<p>&nbsp;<\/p>\n\n\t\t<style type=\"text\/css\">\n\t\t\t#gallery-1 {\n\t\t\t\tmargin: auto;\n\t\t\t}\n\t\t\t#gallery-1 .gallery-item {\n\t\t\t\tfloat: left;\n\t\t\t\tmargin-top: 10px;\n\t\t\t\ttext-align: center;\n\t\t\t\twidth: 33%;\n\t\t\t}\n\t\t\t#gallery-1 img {\n\t\t\t\tborder: 2px solid #cfcfcf;\n\t\t\t}\n\t\t\t#gallery-1 .gallery-caption {\n\t\t\t\tmargin-left: 0;\n\t\t\t}\n\t\t\t\/* see gallery_shortcode() in wp-includes\/media.php *\/\n\t\t<\/style>\n\t\t<div id='gallery-1' class='gallery galleryid-208 gallery-columns-3 gallery-size-thumbnail'><dl class='gallery-item'>\n\t\t\t<dt class='gallery-icon portrait'>\n\t\t\t\t<a onclick=\"javascript:_gaq.push(['_trackPageview', '\/download\/wp-content\/uploads\/2011\/08\/tarcza.jpg']);\"  href='http:\/\/kwiaciarniajaslo.pl\/wp-content\/uploads\/2011\/08\/tarcza.jpg'><img width=\"150\" height=\"150\" src=\"http:\/\/kwiaciarniajaslo.pl\/wp-content\/uploads\/2011\/08\/tarcza-150x150.jpg\" class=\"attachment-thumbnail size-thumbnail\" alt=\"\" loading=\"lazy\" \/><\/a>\n\t\t\t<\/dt><\/dl><dl class='gallery-item'>\n\t\t\t<dt class='gallery-icon landscape'>\n\t\t\t\t<a onclick=\"javascript:_gaq.push(['_trackPageview', '\/download\/wp-content\/uploads\/2011\/08\/inne2.jpg']);\"  href='http:\/\/kwiaciarniajaslo.pl\/wp-content\/uploads\/2011\/08\/inne2.jpg'><img width=\"150\" height=\"150\" src=\"http:\/\/kwiaciarniajaslo.pl\/wp-content\/uploads\/2011\/08\/inne2-150x150.jpg\" class=\"attachment-thumbnail size-thumbnail\" alt=\"\" loading=\"lazy\" \/><\/a>\n\t\t\t<\/dt><\/dl><dl class='gallery-item'>\n\t\t\t<dt class='gallery-icon portrait'>\n\t\t\t\t<a onclick=\"javascript:_gaq.push(['_trackPageview', '\/download\/wp-content\/uploads\/2011\/08\/inne1.jpg']);\"  href='http:\/\/kwiaciarniajaslo.pl\/wp-content\/uploads\/2011\/08\/inne1.jpg'><img width=\"150\" height=\"150\" src=\"http:\/\/kwiaciarniajaslo.pl\/wp-content\/uploads\/2011\/08\/inne1-150x150.jpg\" class=\"attachment-thumbnail size-thumbnail\" alt=\"\" loading=\"lazy\" \/><\/a>\n\t\t\t<\/dt><\/dl><br style=\"clear: both\" \/><dl class='gallery-item'>\n\t\t\t<dt class='gallery-icon landscape'>\n\t\t\t\t<a onclick=\"javascript:_gaq.push(['_trackPageview', '\/download\/wp-content\/uploads\/2011\/08\/inne3.jpg']);\"  href='http:\/\/kwiaciarniajaslo.pl\/wp-content\/uploads\/2011\/08\/inne3.jpg'><img width=\"150\" height=\"150\" src=\"http:\/\/kwiaciarniajaslo.pl\/wp-content\/uploads\/2011\/08\/inne3-150x150.jpg\" class=\"attachment-thumbnail size-thumbnail\" alt=\"\" loading=\"lazy\" \/><\/a>\n\t\t\t<\/dt><\/dl><dl class='gallery-item'>\n\t\t\t<dt class='gallery-icon landscape'>\n\t\t\t\t<a onclick=\"javascript:_gaq.push(['_trackPageview', '\/download\/wp-content\/uploads\/2011\/08\/inne4.jpg']);\"  href='http:\/\/kwiaciarniajaslo.pl\/wp-content\/uploads\/2011\/08\/inne4.jpg'><img width=\"150\" height=\"150\" src=\"http:\/\/kwiaciarniajaslo.pl\/wp-content\/uploads\/2011\/08\/inne4-150x150.jpg\" class=\"attachment-thumbnail size-thumbnail\" alt=\"\" loading=\"lazy\" \/><\/a>\n\t\t\t<\/dt><\/dl><dl class='gallery-item'>\n\t\t\t<dt class='gallery-icon portrait'>\n\t\t\t\t<a onclick=\"javascript:_gaq.push(['_trackPageview', '\/download\/wp-content\/uploads\/2011\/08\/inne6.jpg']);\"  href='http:\/\/kwiaciarniajaslo.pl\/wp-content\/uploads\/2011\/08\/inne6.jpg'><img width=\"150\" height=\"150\" src=\"http:\/\/kwiaciarniajaslo.pl\/wp-content\/uploads\/2011\/08\/inne6-150x150.jpg\" class=\"attachment-thumbnail size-thumbnail\" alt=\"\" loading=\"lazy\" \/><\/a>\n\t\t\t<\/dt><\/dl><br style=\"clear: both\" \/>\n\t\t<\/div>\n\n","protected":false},"excerpt":{"rendered":"<p>Spe\u0142nimy Pa\u0144stwa wymagania i przygotujemy nawet najbardziej nietypow\u0105 aran\u017cacj\u0119 z kwiat\u00f3w \u017cywych lub sztucznych. Przyk\u0142adowe realizacje: &nbsp;<\/p>\n","protected":false},"author":1,"featured_media":0,"parent":0,"menu_order":0,"comment_status":"open","ping_status":"open","template":"","meta":[],"_links":{"self":[{"href":"http:\/\/kwiaciarniajaslo.pl\/index.php\/wp-json\/wp\/v2\/pages\/208"}],"collection":[{"href":"http:\/\/kwiaciarniajaslo.pl\/index.php\/wp-json\/wp\/v2\/pages"}],"about":[{"href":"http:\/\/kwiaciarniajaslo.pl\/index.php\/wp-json\/wp\/v2\/types\/page"}],"author":[{"embeddable":true,"href":"http:\/\/kwiaciarniajaslo.pl\/index.php\/wp-json\/wp\/v2\/users\/1"}],"replies":[{"embeddable":true,"href":"http:\/\/kwiaciarniajaslo.pl\/index.php\/wp-json\/wp\/v2\/comments?post=208"}],"version-history":[{"count":13,"href":"http:\/\/kwiaciarniajaslo.pl\/index.php\/wp-json\/wp\/v2\/pages\/208\/revisions"}],"predecessor-version":[{"id":338,"href":"http:\/\/kwiaciarniajaslo.pl\/index.php\/wp-json\/wp\/v2\/pages\/208\/revisions\/338"}],"wp:attachment":[{"href":"http:\/\/kwiaciarniajaslo.pl\/index.php\/wp-json\/wp\/v2\/media?parent=208"}],"curies":[{"name":"wp","href":"https:\/\/api.w.org\/{rel}","templated":true}]}}