{"id":206,"date":"2011-08-18T09:38:47","date_gmt":"2011-08-18T09:38:47","guid":{"rendered":"http:\/\/kwiaciarniajaslo.pl\/?page_id=206"},"modified":"2011-11-25T14:51:04","modified_gmt":"2011-11-25T14:51:04","slug":"oferta-dla-firm","status":"publish","type":"page","link":"http:\/\/kwiaciarniajaslo.pl\/index.php\/oferta-dla-firm\/","title":{"rendered":"Oferta dla Firm"},"content":{"rendered":"<p><em>Bukiety, kompozycje kwiatowe, stroiki to tylko niekt\u00f3re propozycje w naszej ofercie. Wykwalifikowane florystki doskonale doradz\u0105 i stworz\u0105 niepowtarzaln\u0105 atmosfer\u0119 biura, recepcji hotelowej, bankietu, balu, kawiarni czy innych pomieszcze\u0144 u\u017cyteczno\u015bci publicznej. Wszystkim zale\u017cy, aby klienci czy go\u015bcie czuli si\u0119 w naszych progach dobrze i komfortowo; byli zrelaksowani\u00a0i otoczeni pi\u0119knem kwiatowych kompozycji. Zadbamy o to, aby ca\u0142o\u015b\u0107 tworzy\u0142a harmonijn\u0105 sp\u00f3jno\u015b\u0107.<\/em><\/p>\n<p><strong>Przyk\u0142adowe realizacje:<\/strong><\/p>\n\n\t\t<style type=\"text\/css\">\n\t\t\t#gallery-1 {\n\t\t\t\tmargin: auto;\n\t\t\t}\n\t\t\t#gallery-1 .gallery-item {\n\t\t\t\tfloat: left;\n\t\t\t\tmargin-top: 10px;\n\t\t\t\ttext-align: center;\n\t\t\t\twidth: 33%;\n\t\t\t}\n\t\t\t#gallery-1 img {\n\t\t\t\tborder: 2px solid #cfcfcf;\n\t\t\t}\n\t\t\t#gallery-1 .gallery-caption {\n\t\t\t\tmargin-left: 0;\n\t\t\t}\n\t\t\t\/* see gallery_shortcode() in wp-includes\/media.php *\/\n\t\t<\/style>\n\t\t<div id='gallery-1' class='gallery galleryid-206 gallery-columns-3 gallery-size-thumbnail'><dl class='gallery-item'>\n\t\t\t<dt class='gallery-icon landscape'>\n\t\t\t\t<a onclick=\"javascript:_gaq.push(['_trackPageview', '\/download\/wp-content\/uploads\/2011\/08\/kompozycja1.jpg']);\"  href='http:\/\/kwiaciarniajaslo.pl\/wp-content\/uploads\/2011\/08\/kompozycja1.jpg'><img width=\"150\" height=\"150\" src=\"http:\/\/kwiaciarniajaslo.pl\/wp-content\/uploads\/2011\/08\/kompozycja1-150x150.jpg\" class=\"attachment-thumbnail size-thumbnail\" alt=\"\" loading=\"lazy\" srcset=\"http:\/\/kwiaciarniajaslo.pl\/wp-content\/uploads\/2011\/08\/kompozycja1-150x150.jpg 150w, http:\/\/kwiaciarniajaslo.pl\/wp-content\/uploads\/2011\/08\/kompozycja1-300x300.jpg 300w, http:\/\/kwiaciarniajaslo.pl\/wp-content\/uploads\/2011\/08\/kompozycja1.jpg 640w\" sizes=\"(max-width: 150px) 100vw, 150px\" \/><\/a>\n\t\t\t<\/dt><\/dl><dl class='gallery-item'>\n\t\t\t<dt class='gallery-icon portrait'>\n\t\t\t\t<a onclick=\"javascript:_gaq.push(['_trackPageview', '\/download\/wp-content\/uploads\/2011\/08\/kompozycja2.jpg']);\"  href='http:\/\/kwiaciarniajaslo.pl\/wp-content\/uploads\/2011\/08\/kompozycja2.jpg'><img width=\"150\" height=\"150\" src=\"http:\/\/kwiaciarniajaslo.pl\/wp-content\/uploads\/2011\/08\/kompozycja2-150x150.jpg\" class=\"attachment-thumbnail size-thumbnail\" alt=\"\" loading=\"lazy\" \/><\/a>\n\t\t\t<\/dt><\/dl><dl class='gallery-item'>\n\t\t\t<dt class='gallery-icon landscape'>\n\t\t\t\t<a onclick=\"javascript:_gaq.push(['_trackPageview', '\/download\/wp-content\/uploads\/2011\/08\/kompozycja3.jpg']);\"  href='http:\/\/kwiaciarniajaslo.pl\/wp-content\/uploads\/2011\/08\/kompozycja3.jpg'><img width=\"150\" height=\"150\" src=\"http:\/\/kwiaciarniajaslo.pl\/wp-content\/uploads\/2011\/08\/kompozycja3-150x150.jpg\" class=\"attachment-thumbnail size-thumbnail\" alt=\"\" loading=\"lazy\" \/><\/a>\n\t\t\t<\/dt><\/dl><br style=\"clear: both\" \/><dl class='gallery-item'>\n\t\t\t<dt class='gallery-icon landscape'>\n\t\t\t\t<a onclick=\"javascript:_gaq.push(['_trackPageview', '\/download\/wp-content\/uploads\/2011\/08\/kompozycja4.jpg']);\"  href='http:\/\/kwiaciarniajaslo.pl\/wp-content\/uploads\/2011\/08\/kompozycja4.jpg'><img width=\"150\" height=\"150\" src=\"http:\/\/kwiaciarniajaslo.pl\/wp-content\/uploads\/2011\/08\/kompozycja4-150x150.jpg\" class=\"attachment-thumbnail size-thumbnail\" alt=\"\" loading=\"lazy\" \/><\/a>\n\t\t\t<\/dt><\/dl>\n\t\t\t<br style='clear: both' \/>\n\t\t<\/div>\n\n","protected":false},"excerpt":{"rendered":"<p>Bukiety, kompozycje kwiatowe, stroiki to tylko niekt\u00f3re propozycje w naszej ofercie. Wykwalifikowane florystki doskonale doradz\u0105 i stworz\u0105 niepowtarzaln\u0105 atmosfer\u0119 biura, recepcji hotelowej, bankietu, balu, kawiarni czy innych pomieszcze\u0144 u\u017cyteczno\u015bci publicznej. Wszystkim zale\u017cy, aby klienci czy go\u015bcie czuli si\u0119 w naszych progach dobrze i komfortowo; byli zrelaksowani\u00a0i otoczeni pi\u0119knem kwiatowych kompozycji. Zadbamy o to, aby ca\u0142o\u015b\u0107 [&hellip;]<\/p>\n","protected":false},"author":1,"featured_media":0,"parent":0,"menu_order":0,"comment_status":"open","ping_status":"open","template":"","meta":[],"_links":{"self":[{"href":"http:\/\/kwiaciarniajaslo.pl\/index.php\/wp-json\/wp\/v2\/pages\/206"}],"collection":[{"href":"http:\/\/kwiaciarniajaslo.pl\/index.php\/wp-json\/wp\/v2\/pages"}],"about":[{"href":"http:\/\/kwiaciarniajaslo.pl\/index.php\/wp-json\/wp\/v2\/types\/page"}],"author":[{"embeddable":true,"href":"http:\/\/kwiaciarniajaslo.pl\/index.php\/wp-json\/wp\/v2\/users\/1"}],"replies":[{"embeddable":true,"href":"http:\/\/kwiaciarniajaslo.pl\/index.php\/wp-json\/wp\/v2\/comments?post=206"}],"version-history":[{"count":6,"href":"http:\/\/kwiaciarniajaslo.pl\/index.php\/wp-json\/wp\/v2\/pages\/206\/revisions"}],"predecessor-version":[{"id":314,"href":"http:\/\/kwiaciarniajaslo.pl\/index.php\/wp-json\/wp\/v2\/pages\/206\/revisions\/314"}],"wp:attachment":[{"href":"http:\/\/kwiaciarniajaslo.pl\/index.php\/wp-json\/wp\/v2\/media?parent=206"}],"curies":[{"name":"wp","href":"https:\/\/api.w.org\/{rel}","templated":true}]}}