{"id":204,"date":"2011-08-18T09:37:40","date_gmt":"2011-08-18T09:37:40","guid":{"rendered":"http:\/\/kwiaciarniajaslo.pl\/?page_id=204"},"modified":"2012-10-21T17:33:32","modified_gmt":"2012-10-21T17:33:32","slug":"florystyka-zalobna","status":"publish","type":"page","link":"http:\/\/kwiaciarniajaslo.pl\/index.php\/florystyka-zalobna\/","title":{"rendered":"Florystyka \u017ba\u0142obna"},"content":{"rendered":"<p><em>Kwiaty s\u0105 nieod\u0142\u0105cznym towarzyszem narodzin, pierwszych spotka\u0144 z ukochan\u0105 osob\u0105, zar\u0119czyn, \u015blubu, jesieni \u017cycia. W dniu smutku, \u017ca\u0142oby po bliskiej nam osobie s\u0105 wyrazem naszej pami\u0119ci, osobistego po\u017cegnania, ostatniego dowodu szacunku. W gestii naszej firmy le\u017cy nie tylko przygotowanie wie\u0144c\u00f3w, wi\u0105zanek, dekoracji grob\u00f3w, ale te\u017c taktu, dyskrecji i s\u0142u\u017cenia wszelk\u0105 pomoc\u0105 w tym smutnym dniu.<\/em><\/p>\n<ul>\n<ul>\n<li>Wie\u0144ce pogrzebowe<\/li>\n<li>Wi\u0105zanki pogrzebowe<\/li>\n<li>Wi\u0105zanki kondolencyjne<\/li>\n<li>Dekoracje trumien i urn<\/li>\n<li>Kompozycje nagrobne<\/li>\n<\/ul>\n<\/ul>\n<div><em><br \/>\n<\/em><\/div>\n<hr \/>\n<p><strong>Przyk\u0142adowe realizacje:<\/strong><\/p>\n\n\t\t<style type=\"text\/css\">\n\t\t\t#gallery-1 {\n\t\t\t\tmargin: auto;\n\t\t\t}\n\t\t\t#gallery-1 .gallery-item {\n\t\t\t\tfloat: left;\n\t\t\t\tmargin-top: 10px;\n\t\t\t\ttext-align: center;\n\t\t\t\twidth: 33%;\n\t\t\t}\n\t\t\t#gallery-1 img {\n\t\t\t\tborder: 2px solid #cfcfcf;\n\t\t\t}\n\t\t\t#gallery-1 .gallery-caption {\n\t\t\t\tmargin-left: 0;\n\t\t\t}\n\t\t\t\/* see gallery_shortcode() in wp-includes\/media.php *\/\n\t\t<\/style>\n\t\t<div id='gallery-1' class='gallery galleryid-204 gallery-columns-3 gallery-size-thumbnail'><dl class='gallery-item'>\n\t\t\t<dt class='gallery-icon portrait'>\n\t\t\t\t<a onclick=\"javascript:_gaq.push(['_trackPageview', '\/download\/wp-content\/uploads\/2011\/08\/wieniec1.jpg']);\"  href='http:\/\/kwiaciarniajaslo.pl\/wp-content\/uploads\/2011\/08\/wieniec1.jpg'><img width=\"150\" height=\"150\" src=\"http:\/\/kwiaciarniajaslo.pl\/wp-content\/uploads\/2011\/08\/wieniec1-150x150.jpg\" class=\"attachment-thumbnail size-thumbnail\" alt=\"\" loading=\"lazy\" \/><\/a>\n\t\t\t<\/dt><\/dl><dl class='gallery-item'>\n\t\t\t<dt class='gallery-icon portrait'>\n\t\t\t\t<a onclick=\"javascript:_gaq.push(['_trackPageview', '\/download\/wp-content\/uploads\/2011\/08\/wieniec2.jpg']);\"  href='http:\/\/kwiaciarniajaslo.pl\/wp-content\/uploads\/2011\/08\/wieniec2.jpg'><img width=\"150\" height=\"150\" src=\"http:\/\/kwiaciarniajaslo.pl\/wp-content\/uploads\/2011\/08\/wieniec2-150x150.jpg\" class=\"attachment-thumbnail size-thumbnail\" alt=\"\" loading=\"lazy\" \/><\/a>\n\t\t\t<\/dt><\/dl><dl class='gallery-item'>\n\t\t\t<dt class='gallery-icon portrait'>\n\t\t\t\t<a onclick=\"javascript:_gaq.push(['_trackPageview', '\/download\/wp-content\/uploads\/2011\/08\/wieniec4.jpg']);\"  href='http:\/\/kwiaciarniajaslo.pl\/wp-content\/uploads\/2011\/08\/wieniec4.jpg'><img width=\"150\" height=\"150\" src=\"http:\/\/kwiaciarniajaslo.pl\/wp-content\/uploads\/2011\/08\/wieniec4-150x150.jpg\" class=\"attachment-thumbnail size-thumbnail\" alt=\"\" loading=\"lazy\" \/><\/a>\n\t\t\t<\/dt><\/dl><br style=\"clear: both\" \/><dl class='gallery-item'>\n\t\t\t<dt class='gallery-icon landscape'>\n\t\t\t\t<a onclick=\"javascript:_gaq.push(['_trackPageview', '\/download\/wp-content\/uploads\/2011\/08\/WS14.jpg']);\"  href='http:\/\/kwiaciarniajaslo.pl\/wp-content\/uploads\/2011\/08\/WS14.jpg'><img width=\"150\" height=\"150\" src=\"http:\/\/kwiaciarniajaslo.pl\/wp-content\/uploads\/2011\/08\/WS14-150x150.jpg\" class=\"attachment-thumbnail size-thumbnail\" alt=\"\" loading=\"lazy\" \/><\/a>\n\t\t\t<\/dt><\/dl><dl class='gallery-item'>\n\t\t\t<dt class='gallery-icon landscape'>\n\t\t\t\t<a onclick=\"javascript:_gaq.push(['_trackPageview', '\/download\/wp-content\/uploads\/2011\/08\/WS6.jpg']);\"  href='http:\/\/kwiaciarniajaslo.pl\/wp-content\/uploads\/2011\/08\/WS6.jpg'><img width=\"150\" height=\"150\" src=\"http:\/\/kwiaciarniajaslo.pl\/wp-content\/uploads\/2011\/08\/WS6-150x150.jpg\" class=\"attachment-thumbnail size-thumbnail\" alt=\"\" loading=\"lazy\" \/><\/a>\n\t\t\t<\/dt><\/dl><dl class='gallery-item'>\n\t\t\t<dt class='gallery-icon landscape'>\n\t\t\t\t<a onclick=\"javascript:_gaq.push(['_trackPageview', '\/download\/wp-content\/uploads\/2011\/08\/WS17.jpg']);\"  href='http:\/\/kwiaciarniajaslo.pl\/wp-content\/uploads\/2011\/08\/WS17.jpg'><img width=\"150\" height=\"150\" src=\"http:\/\/kwiaciarniajaslo.pl\/wp-content\/uploads\/2011\/08\/WS17-150x150.jpg\" class=\"attachment-thumbnail size-thumbnail\" alt=\"\" loading=\"lazy\" \/><\/a>\n\t\t\t<\/dt><\/dl><br style=\"clear: both\" \/><dl class='gallery-item'>\n\t\t\t<dt class='gallery-icon portrait'>\n\t\t\t\t<a onclick=\"javascript:_gaq.push(['_trackPageview', '\/download\/wp-content\/uploads\/2011\/08\/WS11.jpg']);\"  href='http:\/\/kwiaciarniajaslo.pl\/wp-content\/uploads\/2011\/08\/WS11.jpg'><img width=\"150\" height=\"150\" src=\"http:\/\/kwiaciarniajaslo.pl\/wp-content\/uploads\/2011\/08\/WS11-150x150.jpg\" class=\"attachment-thumbnail size-thumbnail\" alt=\"\" loading=\"lazy\" \/><\/a>\n\t\t\t<\/dt><\/dl><dl class='gallery-item'>\n\t\t\t<dt class='gallery-icon landscape'>\n\t\t\t\t<a onclick=\"javascript:_gaq.push(['_trackPageview', '\/download\/wp-content\/uploads\/2011\/08\/WS8.jpg']);\"  href='http:\/\/kwiaciarniajaslo.pl\/wp-content\/uploads\/2011\/08\/WS8.jpg'><img width=\"150\" height=\"150\" src=\"http:\/\/kwiaciarniajaslo.pl\/wp-content\/uploads\/2011\/08\/WS8-150x150.jpg\" class=\"attachment-thumbnail size-thumbnail\" alt=\"\" loading=\"lazy\" \/><\/a>\n\t\t\t<\/dt><\/dl><dl class='gallery-item'>\n\t\t\t<dt class='gallery-icon landscape'>\n\t\t\t\t<a onclick=\"javascript:_gaq.push(['_trackPageview', '\/download\/wp-content\/uploads\/2011\/08\/WS7.jpg']);\"  href='http:\/\/kwiaciarniajaslo.pl\/wp-content\/uploads\/2011\/08\/WS7.jpg'><img width=\"150\" height=\"150\" src=\"http:\/\/kwiaciarniajaslo.pl\/wp-content\/uploads\/2011\/08\/WS7-150x150.jpg\" class=\"attachment-thumbnail size-thumbnail\" alt=\"\" loading=\"lazy\" \/><\/a>\n\t\t\t<\/dt><\/dl><br style=\"clear: both\" \/><dl class='gallery-item'>\n\t\t\t<dt class='gallery-icon landscape'>\n\t\t\t\t<a onclick=\"javascript:_gaq.push(['_trackPageview', '\/download\/wp-content\/uploads\/2011\/08\/WS5.jpg']);\"  href='http:\/\/kwiaciarniajaslo.pl\/wp-content\/uploads\/2011\/08\/WS5.jpg'><img width=\"150\" height=\"150\" src=\"http:\/\/kwiaciarniajaslo.pl\/wp-content\/uploads\/2011\/08\/WS5-150x150.jpg\" class=\"attachment-thumbnail size-thumbnail\" alt=\"\" loading=\"lazy\" \/><\/a>\n\t\t\t<\/dt><\/dl><dl class='gallery-item'>\n\t\t\t<dt class='gallery-icon portrait'>\n\t\t\t\t<a onclick=\"javascript:_gaq.push(['_trackPageview', '\/download\/wp-content\/uploads\/2011\/08\/WS3.jpg']);\"  href='http:\/\/kwiaciarniajaslo.pl\/wp-content\/uploads\/2011\/08\/WS3.jpg'><img width=\"150\" height=\"150\" src=\"http:\/\/kwiaciarniajaslo.pl\/wp-content\/uploads\/2011\/08\/WS3-150x150.jpg\" class=\"attachment-thumbnail size-thumbnail\" alt=\"\" loading=\"lazy\" \/><\/a>\n\t\t\t<\/dt><\/dl><dl class='gallery-item'>\n\t\t\t<dt class='gallery-icon portrait'>\n\t\t\t\t<a onclick=\"javascript:_gaq.push(['_trackPageview', '\/download\/wp-content\/uploads\/2011\/08\/WS1.jpg']);\"  href='http:\/\/kwiaciarniajaslo.pl\/wp-content\/uploads\/2011\/08\/WS1.jpg'><img width=\"150\" height=\"150\" src=\"http:\/\/kwiaciarniajaslo.pl\/wp-content\/uploads\/2011\/08\/WS1-150x150.jpg\" class=\"attachment-thumbnail size-thumbnail\" alt=\"\" loading=\"lazy\" \/><\/a>\n\t\t\t<\/dt><\/dl><br style=\"clear: both\" \/><dl class='gallery-item'>\n\t\t\t<dt class='gallery-icon portrait'>\n\t\t\t\t<a onclick=\"javascript:_gaq.push(['_trackPageview', '\/download\/wp-content\/uploads\/2011\/08\/WS2.jpg']);\"  href='http:\/\/kwiaciarniajaslo.pl\/wp-content\/uploads\/2011\/08\/WS2.jpg'><img width=\"150\" height=\"150\" src=\"http:\/\/kwiaciarniajaslo.pl\/wp-content\/uploads\/2011\/08\/WS2-150x150.jpg\" class=\"attachment-thumbnail size-thumbnail\" alt=\"\" loading=\"lazy\" \/><\/a>\n\t\t\t<\/dt><\/dl><dl class='gallery-item'>\n\t\t\t<dt class='gallery-icon landscape'>\n\t\t\t\t<a onclick=\"javascript:_gaq.push(['_trackPageview', '\/download\/wp-content\/uploads\/2011\/08\/WS4.jpg']);\"  href='http:\/\/kwiaciarniajaslo.pl\/wp-content\/uploads\/2011\/08\/WS4.jpg'><img width=\"150\" height=\"150\" src=\"http:\/\/kwiaciarniajaslo.pl\/wp-content\/uploads\/2011\/08\/WS4-150x150.jpg\" class=\"attachment-thumbnail size-thumbnail\" alt=\"\" loading=\"lazy\" \/><\/a>\n\t\t\t<\/dt><\/dl><dl class='gallery-item'>\n\t\t\t<dt class='gallery-icon portrait'>\n\t\t\t\t<a onclick=\"javascript:_gaq.push(['_trackPageview', '\/download\/wp-content\/uploads\/2011\/08\/wieniec41.jpg']);\"  href='http:\/\/kwiaciarniajaslo.pl\/wp-content\/uploads\/2011\/08\/wieniec41.jpg'><img width=\"150\" height=\"150\" src=\"http:\/\/kwiaciarniajaslo.pl\/wp-content\/uploads\/2011\/08\/wieniec41-150x150.jpg\" class=\"attachment-thumbnail size-thumbnail\" alt=\"\" loading=\"lazy\" \/><\/a>\n\t\t\t<\/dt><\/dl><br style=\"clear: both\" \/><dl class='gallery-item'>\n\t\t\t<dt class='gallery-icon portrait'>\n\t\t\t\t<a onclick=\"javascript:_gaq.push(['_trackPageview', '\/download\/wp-content\/uploads\/2011\/08\/wieniec5.jpg']);\"  href='http:\/\/kwiaciarniajaslo.pl\/wp-content\/uploads\/2011\/08\/wieniec5.jpg'><img width=\"150\" height=\"150\" src=\"http:\/\/kwiaciarniajaslo.pl\/wp-content\/uploads\/2011\/08\/wieniec5-150x150.jpg\" class=\"attachment-thumbnail size-thumbnail\" alt=\"\" loading=\"lazy\" \/><\/a>\n\t\t\t<\/dt><\/dl><dl class='gallery-item'>\n\t\t\t<dt class='gallery-icon portrait'>\n\t\t\t\t<a onclick=\"javascript:_gaq.push(['_trackPageview', '\/download\/wp-content\/uploads\/2011\/08\/wieniec8.jpg']);\"  href='http:\/\/kwiaciarniajaslo.pl\/wp-content\/uploads\/2011\/08\/wieniec8.jpg'><img width=\"150\" height=\"150\" src=\"http:\/\/kwiaciarniajaslo.pl\/wp-content\/uploads\/2011\/08\/wieniec8-150x150.jpg\" class=\"attachment-thumbnail size-thumbnail\" alt=\"\" loading=\"lazy\" \/><\/a>\n\t\t\t<\/dt><\/dl><dl class='gallery-item'>\n\t\t\t<dt class='gallery-icon portrait'>\n\t\t\t\t<a onclick=\"javascript:_gaq.push(['_trackPageview', '\/download\/wp-content\/uploads\/2011\/08\/wieniec7.jpg']);\"  href='http:\/\/kwiaciarniajaslo.pl\/wp-content\/uploads\/2011\/08\/wieniec7.jpg'><img width=\"150\" height=\"150\" src=\"http:\/\/kwiaciarniajaslo.pl\/wp-content\/uploads\/2011\/08\/wieniec7-150x150.jpg\" class=\"attachment-thumbnail size-thumbnail\" alt=\"\" loading=\"lazy\" \/><\/a>\n\t\t\t<\/dt><\/dl><br style=\"clear: both\" \/><dl class='gallery-item'>\n\t\t\t<dt class='gallery-icon portrait'>\n\t\t\t\t<a onclick=\"javascript:_gaq.push(['_trackPageview', '\/download\/wp-content\/uploads\/2011\/08\/WS15.jpg']);\"  href='http:\/\/kwiaciarniajaslo.pl\/wp-content\/uploads\/2011\/08\/WS15.jpg'><img width=\"150\" height=\"150\" src=\"http:\/\/kwiaciarniajaslo.pl\/wp-content\/uploads\/2011\/08\/WS15-150x150.jpg\" class=\"attachment-thumbnail size-thumbnail\" alt=\"\" loading=\"lazy\" \/><\/a>\n\t\t\t<\/dt><\/dl><dl class='gallery-item'>\n\t\t\t<dt class='gallery-icon portrait'>\n\t\t\t\t<a onclick=\"javascript:_gaq.push(['_trackPageview', '\/download\/wp-content\/uploads\/2011\/08\/WS16.jpg']);\"  href='http:\/\/kwiaciarniajaslo.pl\/wp-content\/uploads\/2011\/08\/WS16.jpg'><img width=\"150\" height=\"150\" src=\"http:\/\/kwiaciarniajaslo.pl\/wp-content\/uploads\/2011\/08\/WS16-150x150.jpg\" class=\"attachment-thumbnail size-thumbnail\" alt=\"\" loading=\"lazy\" \/><\/a>\n\t\t\t<\/dt><\/dl><dl class='gallery-item'>\n\t\t\t<dt class='gallery-icon landscape'>\n\t\t\t\t<a onclick=\"javascript:_gaq.push(['_trackPageview', '\/download\/wp-content\/uploads\/2011\/08\/WS12.jpg']);\"  href='http:\/\/kwiaciarniajaslo.pl\/wp-content\/uploads\/2011\/08\/WS12.jpg'><img width=\"150\" height=\"150\" src=\"http:\/\/kwiaciarniajaslo.pl\/wp-content\/uploads\/2011\/08\/WS12-150x150.jpg\" class=\"attachment-thumbnail size-thumbnail\" alt=\"\" loading=\"lazy\" \/><\/a>\n\t\t\t<\/dt><\/dl><br style=\"clear: both\" \/><dl class='gallery-item'>\n\t\t\t<dt class='gallery-icon portrait'>\n\t\t\t\t<a onclick=\"javascript:_gaq.push(['_trackPageview', '\/download\/wp-content\/uploads\/2011\/08\/WS10.jpg']);\"  href='http:\/\/kwiaciarniajaslo.pl\/wp-content\/uploads\/2011\/08\/WS10.jpg'><img width=\"150\" height=\"150\" src=\"http:\/\/kwiaciarniajaslo.pl\/wp-content\/uploads\/2011\/08\/WS10-150x150.jpg\" class=\"attachment-thumbnail size-thumbnail\" alt=\"\" loading=\"lazy\" \/><\/a>\n\t\t\t<\/dt><\/dl><dl class='gallery-item'>\n\t\t\t<dt class='gallery-icon portrait'>\n\t\t\t\t<a onclick=\"javascript:_gaq.push(['_trackPageview', '\/download\/wp-content\/uploads\/2011\/08\/WS18.jpg']);\"  href='http:\/\/kwiaciarniajaslo.pl\/wp-content\/uploads\/2011\/08\/WS18.jpg'><img width=\"150\" height=\"150\" src=\"http:\/\/kwiaciarniajaslo.pl\/wp-content\/uploads\/2011\/08\/WS18-150x150.jpg\" class=\"attachment-thumbnail size-thumbnail\" alt=\"\" loading=\"lazy\" \/><\/a>\n\t\t\t<\/dt><\/dl>\n\t\t\t<br style='clear: both' \/>\n\t\t<\/div>\n\n","protected":false},"excerpt":{"rendered":"<p>Kwiaty s\u0105 nieod\u0142\u0105cznym towarzyszem narodzin, pierwszych spotka\u0144 z ukochan\u0105 osob\u0105, zar\u0119czyn, \u015blubu, jesieni \u017cycia. W dniu smutku, \u017ca\u0142oby po bliskiej nam osobie s\u0105 wyrazem naszej pami\u0119ci, osobistego po\u017cegnania, ostatniego dowodu szacunku. W gestii naszej firmy le\u017cy nie tylko przygotowanie wie\u0144c\u00f3w, wi\u0105zanek, dekoracji grob\u00f3w, ale te\u017c taktu, dyskrecji i s\u0142u\u017cenia wszelk\u0105 pomoc\u0105 w tym smutnym dniu. [&hellip;]<\/p>\n","protected":false},"author":1,"featured_media":0,"parent":0,"menu_order":0,"comment_status":"open","ping_status":"open","template":"","meta":[],"_links":{"self":[{"href":"http:\/\/kwiaciarniajaslo.pl\/index.php\/wp-json\/wp\/v2\/pages\/204"}],"collection":[{"href":"http:\/\/kwiaciarniajaslo.pl\/index.php\/wp-json\/wp\/v2\/pages"}],"about":[{"href":"http:\/\/kwiaciarniajaslo.pl\/index.php\/wp-json\/wp\/v2\/types\/page"}],"author":[{"embeddable":true,"href":"http:\/\/kwiaciarniajaslo.pl\/index.php\/wp-json\/wp\/v2\/users\/1"}],"replies":[{"embeddable":true,"href":"http:\/\/kwiaciarniajaslo.pl\/index.php\/wp-json\/wp\/v2\/comments?post=204"}],"version-history":[{"count":22,"href":"http:\/\/kwiaciarniajaslo.pl\/index.php\/wp-json\/wp\/v2\/pages\/204\/revisions"}],"predecessor-version":[{"id":306,"href":"http:\/\/kwiaciarniajaslo.pl\/index.php\/wp-json\/wp\/v2\/pages\/204\/revisions\/306"}],"wp:attachment":[{"href":"http:\/\/kwiaciarniajaslo.pl\/index.php\/wp-json\/wp\/v2\/media?parent=204"}],"curies":[{"name":"wp","href":"https:\/\/api.w.org\/{rel}","templated":true}]}}