{"id":198,"date":"2011-08-18T09:35:06","date_gmt":"2011-08-18T09:35:06","guid":{"rendered":"http:\/\/kwiaciarniajaslo.pl\/?page_id=198"},"modified":"2015-01-04T17:12:58","modified_gmt":"2015-01-04T17:12:58","slug":"florystyka-slubna","status":"publish","type":"page","link":"http:\/\/kwiaciarniajaslo.pl\/index.php\/florystyka-slubna\/","title":{"rendered":"Florystyka \u015alubna"},"content":{"rendered":"<p><em>\u015alub to jeden z najwa\u017cniejszych moment\u00f3w \u017cycia. Dope\u0142nieniem sukni \u015blubnej jest bukiet. Ka\u017cda Panna M\u0142oda w tym wyj\u0105tkowym dniu chce wygl\u0105da\u0107 ol\u015bniewaj\u0105co. A to w\u0142a\u015bnie kwiaty zdobi\u0105 najlepiej kobiet\u0119.<\/em><\/p>\n<p><em>Oferujemy profesjonalny dob\u00f3r wi\u0105zanki, dopasowanej zar\u00f3wno do sukni \u015blubnej, jak i typu urody oraz makija\u017cu i fryzury Panny M\u0142odej w tym szczeg\u00f3lnym dniu. Niepowtarzalne kompozycje to domena naszej firmy. Proponujemy Pa\u0144stwu tak\u017ce bi\u017cuteri\u0119 florystyczn\u0105, dekoracj\u0119 ko\u015bcio\u0142a i sali oraz gustowne przyozdobienie auta.<\/em><\/p>\n<ul>\n<li>\u00a0\u00a0Wi\u0105zanki dla Panny M\u0142odej<\/li>\n<li>\u00a0\u00a0Butonierki<\/li>\n<li>\u00a0\u00a0Bi\u017cuteria z kwiat\u00f3w<\/li>\n<li>\u00a0\u00a0Dekoracje samochod\u00f3w<\/li>\n<li>\u00a0\u00a0Aran\u017cacje sal i sto\u0142\u00f3w weselnych<\/li>\n<li>\u00a0\u00a0Dekoracje ko\u015bcio\u0142\u00f3w<\/li>\n<\/ul>\n<div><em><br \/>\n<\/em><\/div>\n<hr \/>\n<p><strong>Przyk\u0142adowe realizacje:<\/strong><\/p>\n\n\t\t<style type=\"text\/css\">\n\t\t\t#gallery-1 {\n\t\t\t\tmargin: auto;\n\t\t\t}\n\t\t\t#gallery-1 .gallery-item {\n\t\t\t\tfloat: left;\n\t\t\t\tmargin-top: 10px;\n\t\t\t\ttext-align: center;\n\t\t\t\twidth: 33%;\n\t\t\t}\n\t\t\t#gallery-1 img {\n\t\t\t\tborder: 2px solid #cfcfcf;\n\t\t\t}\n\t\t\t#gallery-1 .gallery-caption {\n\t\t\t\tmargin-left: 0;\n\t\t\t}\n\t\t\t\/* see gallery_shortcode() in wp-includes\/media.php *\/\n\t\t<\/style>\n\t\t<div id='gallery-1' class='gallery galleryid-198 gallery-columns-3 gallery-size-thumbnail'><dl class='gallery-item'>\n\t\t\t<dt class='gallery-icon landscape'>\n\t\t\t\t<a onclick=\"javascript:_gaq.push(['_trackPageview', '\/download\/wp-content\/uploads\/2011\/08\/DSC_0327.jpg']);\"  href='http:\/\/kwiaciarniajaslo.pl\/wp-content\/uploads\/2011\/08\/DSC_0327.jpg'><img width=\"150\" height=\"150\" src=\"http:\/\/kwiaciarniajaslo.pl\/wp-content\/uploads\/2011\/08\/DSC_0327-150x150.jpg\" class=\"attachment-thumbnail size-thumbnail\" alt=\"\" loading=\"lazy\" \/><\/a>\n\t\t\t<\/dt><\/dl><dl class='gallery-item'>\n\t\t\t<dt class='gallery-icon portrait'>\n\t\t\t\t<a onclick=\"javascript:_gaq.push(['_trackPageview', '\/download\/wp-content\/uploads\/2011\/08\/DSC_0339-e1420391420537.jpg']);\"  href='http:\/\/kwiaciarniajaslo.pl\/wp-content\/uploads\/2011\/08\/DSC_0339-e1420391420537.jpg'><img width=\"150\" height=\"150\" src=\"http:\/\/kwiaciarniajaslo.pl\/wp-content\/uploads\/2011\/08\/DSC_0339-e1420391420537-150x150.jpg\" class=\"attachment-thumbnail size-thumbnail\" alt=\"\" loading=\"lazy\" \/><\/a>\n\t\t\t<\/dt><\/dl><dl class='gallery-item'>\n\t\t\t<dt class='gallery-icon landscape'>\n\t\t\t\t<a onclick=\"javascript:_gaq.push(['_trackPageview', '\/download\/wp-content\/uploads\/2011\/08\/DSC_0367.jpg']);\"  href='http:\/\/kwiaciarniajaslo.pl\/wp-content\/uploads\/2011\/08\/DSC_0367.jpg'><img width=\"150\" height=\"150\" src=\"http:\/\/kwiaciarniajaslo.pl\/wp-content\/uploads\/2011\/08\/DSC_0367-150x150.jpg\" class=\"attachment-thumbnail size-thumbnail\" alt=\"\" loading=\"lazy\" \/><\/a>\n\t\t\t<\/dt><\/dl><br style=\"clear: both\" \/><dl class='gallery-item'>\n\t\t\t<dt class='gallery-icon portrait'>\n\t\t\t\t<a onclick=\"javascript:_gaq.push(['_trackPageview', '\/download\/wp-content\/uploads\/2011\/08\/DSC_0368-e1420391478557.jpg']);\"  href='http:\/\/kwiaciarniajaslo.pl\/wp-content\/uploads\/2011\/08\/DSC_0368-e1420391478557.jpg'><img width=\"150\" height=\"150\" src=\"http:\/\/kwiaciarniajaslo.pl\/wp-content\/uploads\/2011\/08\/DSC_0368-e1420391478557-150x150.jpg\" class=\"attachment-thumbnail size-thumbnail\" alt=\"\" loading=\"lazy\" \/><\/a>\n\t\t\t<\/dt><\/dl><dl class='gallery-item'>\n\t\t\t<dt class='gallery-icon portrait'>\n\t\t\t\t<a onclick=\"javascript:_gaq.push(['_trackPageview', '\/download\/wp-content\/uploads\/2011\/08\/DSC_0377-e1420391498887.jpg']);\"  href='http:\/\/kwiaciarniajaslo.pl\/wp-content\/uploads\/2011\/08\/DSC_0377-e1420391498887.jpg'><img width=\"150\" height=\"150\" src=\"http:\/\/kwiaciarniajaslo.pl\/wp-content\/uploads\/2011\/08\/DSC_0377-e1420391498887-150x150.jpg\" class=\"attachment-thumbnail size-thumbnail\" alt=\"\" loading=\"lazy\" \/><\/a>\n\t\t\t<\/dt><\/dl><dl class='gallery-item'>\n\t\t\t<dt class='gallery-icon landscape'>\n\t\t\t\t<a onclick=\"javascript:_gaq.push(['_trackPageview', '\/download\/wp-content\/uploads\/2011\/08\/DSC_0378.jpg']);\"  href='http:\/\/kwiaciarniajaslo.pl\/wp-content\/uploads\/2011\/08\/DSC_0378.jpg'><img width=\"150\" height=\"150\" src=\"http:\/\/kwiaciarniajaslo.pl\/wp-content\/uploads\/2011\/08\/DSC_0378-150x150.jpg\" class=\"attachment-thumbnail size-thumbnail\" alt=\"\" loading=\"lazy\" \/><\/a>\n\t\t\t<\/dt><\/dl><br style=\"clear: both\" \/><dl class='gallery-item'>\n\t\t\t<dt class='gallery-icon landscape'>\n\t\t\t\t<a onclick=\"javascript:_gaq.push(['_trackPageview', '\/download\/wp-content\/uploads\/2011\/08\/DSC_0379.jpg']);\"  href='http:\/\/kwiaciarniajaslo.pl\/wp-content\/uploads\/2011\/08\/DSC_0379.jpg'><img width=\"150\" height=\"150\" src=\"http:\/\/kwiaciarniajaslo.pl\/wp-content\/uploads\/2011\/08\/DSC_0379-150x150.jpg\" class=\"attachment-thumbnail size-thumbnail\" alt=\"\" loading=\"lazy\" \/><\/a>\n\t\t\t<\/dt><\/dl><dl class='gallery-item'>\n\t\t\t<dt class='gallery-icon landscape'>\n\t\t\t\t<a onclick=\"javascript:_gaq.push(['_trackPageview', '\/download\/wp-content\/uploads\/2011\/08\/DSC_0383.jpg']);\"  href='http:\/\/kwiaciarniajaslo.pl\/wp-content\/uploads\/2011\/08\/DSC_0383.jpg'><img width=\"150\" height=\"150\" src=\"http:\/\/kwiaciarniajaslo.pl\/wp-content\/uploads\/2011\/08\/DSC_0383-150x150.jpg\" class=\"attachment-thumbnail size-thumbnail\" alt=\"\" loading=\"lazy\" \/><\/a>\n\t\t\t<\/dt><\/dl><dl class='gallery-item'>\n\t\t\t<dt class='gallery-icon landscape'>\n\t\t\t\t<a onclick=\"javascript:_gaq.push(['_trackPageview', '\/download\/wp-content\/uploads\/2011\/08\/DSC_0384.jpg']);\"  href='http:\/\/kwiaciarniajaslo.pl\/wp-content\/uploads\/2011\/08\/DSC_0384.jpg'><img width=\"150\" height=\"150\" src=\"http:\/\/kwiaciarniajaslo.pl\/wp-content\/uploads\/2011\/08\/DSC_0384-150x150.jpg\" class=\"attachment-thumbnail size-thumbnail\" alt=\"\" loading=\"lazy\" \/><\/a>\n\t\t\t<\/dt><\/dl><br style=\"clear: both\" \/><dl class='gallery-item'>\n\t\t\t<dt class='gallery-icon landscape'>\n\t\t\t\t<a onclick=\"javascript:_gaq.push(['_trackPageview', '\/download\/wp-content\/uploads\/2011\/08\/DSC_0388.jpg']);\"  href='http:\/\/kwiaciarniajaslo.pl\/wp-content\/uploads\/2011\/08\/DSC_0388.jpg'><img width=\"150\" height=\"150\" src=\"http:\/\/kwiaciarniajaslo.pl\/wp-content\/uploads\/2011\/08\/DSC_0388-150x150.jpg\" class=\"attachment-thumbnail size-thumbnail\" alt=\"\" loading=\"lazy\" \/><\/a>\n\t\t\t<\/dt><\/dl><dl class='gallery-item'>\n\t\t\t<dt class='gallery-icon portrait'>\n\t\t\t\t<a onclick=\"javascript:_gaq.push(['_trackPageview', '\/download\/wp-content\/uploads\/2011\/08\/DSC_0389-e1420391374135.jpg']);\"  href='http:\/\/kwiaciarniajaslo.pl\/wp-content\/uploads\/2011\/08\/DSC_0389-e1420391374135.jpg'><img width=\"150\" height=\"150\" src=\"http:\/\/kwiaciarniajaslo.pl\/wp-content\/uploads\/2011\/08\/DSC_0389-e1420391374135-150x150.jpg\" class=\"attachment-thumbnail size-thumbnail\" alt=\"\" loading=\"lazy\" \/><\/a>\n\t\t\t<\/dt><\/dl><dl class='gallery-item'>\n\t\t\t<dt class='gallery-icon landscape'>\n\t\t\t\t<a onclick=\"javascript:_gaq.push(['_trackPageview', '\/download\/wp-content\/uploads\/2011\/08\/DSC_0431.jpg']);\"  href='http:\/\/kwiaciarniajaslo.pl\/wp-content\/uploads\/2011\/08\/DSC_0431.jpg'><img width=\"150\" height=\"150\" src=\"http:\/\/kwiaciarniajaslo.pl\/wp-content\/uploads\/2011\/08\/DSC_0431-150x150.jpg\" class=\"attachment-thumbnail size-thumbnail\" alt=\"\" loading=\"lazy\" \/><\/a>\n\t\t\t<\/dt><\/dl><br style=\"clear: both\" \/><dl class='gallery-item'>\n\t\t\t<dt class='gallery-icon landscape'>\n\t\t\t\t<a onclick=\"javascript:_gaq.push(['_trackPageview', '\/download\/wp-content\/uploads\/2011\/08\/slub19.jpg']);\"  href='http:\/\/kwiaciarniajaslo.pl\/wp-content\/uploads\/2011\/08\/slub19.jpg'><img width=\"150\" height=\"150\" src=\"http:\/\/kwiaciarniajaslo.pl\/wp-content\/uploads\/2011\/08\/slub19-150x150.jpg\" class=\"attachment-thumbnail size-thumbnail\" alt=\"\" loading=\"lazy\" \/><\/a>\n\t\t\t<\/dt><\/dl><dl class='gallery-item'>\n\t\t\t<dt class='gallery-icon portrait'>\n\t\t\t\t<a onclick=\"javascript:_gaq.push(['_trackPageview', '\/download\/wp-content\/uploads\/2011\/08\/slub242.jpg']);\"  href='http:\/\/kwiaciarniajaslo.pl\/wp-content\/uploads\/2011\/08\/slub242.jpg'><img width=\"150\" height=\"150\" src=\"http:\/\/kwiaciarniajaslo.pl\/wp-content\/uploads\/2011\/08\/slub242-150x150.jpg\" class=\"attachment-thumbnail size-thumbnail\" alt=\"\" loading=\"lazy\" \/><\/a>\n\t\t\t<\/dt><\/dl><dl class='gallery-item'>\n\t\t\t<dt class='gallery-icon portrait'>\n\t\t\t\t<a onclick=\"javascript:_gaq.push(['_trackPageview', '\/download\/wp-content\/uploads\/2011\/08\/slub22.jpg']);\"  href='http:\/\/kwiaciarniajaslo.pl\/wp-content\/uploads\/2011\/08\/slub22.jpg'><img width=\"150\" height=\"150\" src=\"http:\/\/kwiaciarniajaslo.pl\/wp-content\/uploads\/2011\/08\/slub22-150x150.jpg\" class=\"attachment-thumbnail size-thumbnail\" alt=\"\" loading=\"lazy\" \/><\/a>\n\t\t\t<\/dt><\/dl><br style=\"clear: both\" \/><dl class='gallery-item'>\n\t\t\t<dt class='gallery-icon portrait'>\n\t\t\t\t<a onclick=\"javascript:_gaq.push(['_trackPageview', '\/download\/wp-content\/uploads\/2011\/08\/slub21.jpg']);\"  href='http:\/\/kwiaciarniajaslo.pl\/wp-content\/uploads\/2011\/08\/slub21.jpg'><img width=\"150\" height=\"150\" src=\"http:\/\/kwiaciarniajaslo.pl\/wp-content\/uploads\/2011\/08\/slub21-150x150.jpg\" class=\"attachment-thumbnail size-thumbnail\" alt=\"\" loading=\"lazy\" \/><\/a>\n\t\t\t<\/dt><\/dl><dl class='gallery-item'>\n\t\t\t<dt class='gallery-icon portrait'>\n\t\t\t\t<a onclick=\"javascript:_gaq.push(['_trackPageview', '\/download\/wp-content\/uploads\/2011\/08\/slub25.jpg']);\"  href='http:\/\/kwiaciarniajaslo.pl\/wp-content\/uploads\/2011\/08\/slub25.jpg'><img width=\"150\" height=\"150\" src=\"http:\/\/kwiaciarniajaslo.pl\/wp-content\/uploads\/2011\/08\/slub25-150x150.jpg\" class=\"attachment-thumbnail size-thumbnail\" alt=\"\" loading=\"lazy\" \/><\/a>\n\t\t\t<\/dt><\/dl><dl class='gallery-item'>\n\t\t\t<dt class='gallery-icon portrait'>\n\t\t\t\t<a onclick=\"javascript:_gaq.push(['_trackPageview', '\/download\/wp-content\/uploads\/2011\/08\/slub23.jpg']);\"  href='http:\/\/kwiaciarniajaslo.pl\/wp-content\/uploads\/2011\/08\/slub23.jpg'><img width=\"150\" height=\"150\" src=\"http:\/\/kwiaciarniajaslo.pl\/wp-content\/uploads\/2011\/08\/slub23-150x150.jpg\" class=\"attachment-thumbnail size-thumbnail\" alt=\"\" loading=\"lazy\" \/><\/a>\n\t\t\t<\/dt><\/dl><br style=\"clear: both\" \/><dl class='gallery-item'>\n\t\t\t<dt class='gallery-icon portrait'>\n\t\t\t\t<a onclick=\"javascript:_gaq.push(['_trackPageview', '\/download\/wp-content\/uploads\/2011\/08\/slub27.jpg']);\"  href='http:\/\/kwiaciarniajaslo.pl\/wp-content\/uploads\/2011\/08\/slub27.jpg'><img width=\"150\" height=\"150\" src=\"http:\/\/kwiaciarniajaslo.pl\/wp-content\/uploads\/2011\/08\/slub27-150x150.jpg\" class=\"attachment-thumbnail size-thumbnail\" alt=\"\" loading=\"lazy\" \/><\/a>\n\t\t\t<\/dt><\/dl><dl class='gallery-item'>\n\t\t\t<dt class='gallery-icon portrait'>\n\t\t\t\t<a onclick=\"javascript:_gaq.push(['_trackPageview', '\/download\/wp-content\/uploads\/2011\/08\/slub28.jpg']);\"  href='http:\/\/kwiaciarniajaslo.pl\/wp-content\/uploads\/2011\/08\/slub28.jpg'><img width=\"150\" height=\"150\" src=\"http:\/\/kwiaciarniajaslo.pl\/wp-content\/uploads\/2011\/08\/slub28-150x150.jpg\" class=\"attachment-thumbnail size-thumbnail\" alt=\"\" loading=\"lazy\" \/><\/a>\n\t\t\t<\/dt><\/dl><dl class='gallery-item'>\n\t\t\t<dt class='gallery-icon portrait'>\n\t\t\t\t<a onclick=\"javascript:_gaq.push(['_trackPageview', '\/download\/wp-content\/uploads\/2011\/08\/slub71.jpg']);\"  href='http:\/\/kwiaciarniajaslo.pl\/wp-content\/uploads\/2011\/08\/slub71.jpg'><img width=\"150\" height=\"150\" src=\"http:\/\/kwiaciarniajaslo.pl\/wp-content\/uploads\/2011\/08\/slub71-150x150.jpg\" class=\"attachment-thumbnail size-thumbnail\" alt=\"\" loading=\"lazy\" \/><\/a>\n\t\t\t<\/dt><\/dl><br style=\"clear: both\" \/><dl class='gallery-item'>\n\t\t\t<dt class='gallery-icon landscape'>\n\t\t\t\t<a onclick=\"javascript:_gaq.push(['_trackPageview', '\/download\/wp-content\/uploads\/2011\/08\/slub17.jpg']);\"  href='http:\/\/kwiaciarniajaslo.pl\/wp-content\/uploads\/2011\/08\/slub17.jpg'><img width=\"150\" height=\"150\" src=\"http:\/\/kwiaciarniajaslo.pl\/wp-content\/uploads\/2011\/08\/slub17-150x150.jpg\" class=\"attachment-thumbnail size-thumbnail\" alt=\"\" loading=\"lazy\" \/><\/a>\n\t\t\t<\/dt><\/dl><dl class='gallery-item'>\n\t\t\t<dt class='gallery-icon landscape'>\n\t\t\t\t<a onclick=\"javascript:_gaq.push(['_trackPageview', '\/download\/wp-content\/uploads\/2011\/08\/slub18.jpg']);\"  href='http:\/\/kwiaciarniajaslo.pl\/wp-content\/uploads\/2011\/08\/slub18.jpg'><img width=\"150\" height=\"150\" src=\"http:\/\/kwiaciarniajaslo.pl\/wp-content\/uploads\/2011\/08\/slub18-150x150.jpg\" class=\"attachment-thumbnail size-thumbnail\" alt=\"\" loading=\"lazy\" \/><\/a>\n\t\t\t<\/dt><\/dl><dl class='gallery-item'>\n\t\t\t<dt class='gallery-icon landscape'>\n\t\t\t\t<a onclick=\"javascript:_gaq.push(['_trackPageview', '\/download\/wp-content\/uploads\/2011\/08\/slub110.jpg']);\"  href='http:\/\/kwiaciarniajaslo.pl\/wp-content\/uploads\/2011\/08\/slub110.jpg'><img width=\"150\" height=\"150\" src=\"http:\/\/kwiaciarniajaslo.pl\/wp-content\/uploads\/2011\/08\/slub110-150x150.jpg\" class=\"attachment-thumbnail size-thumbnail\" alt=\"\" loading=\"lazy\" \/><\/a>\n\t\t\t<\/dt><\/dl><br style=\"clear: both\" \/><dl class='gallery-item'>\n\t\t\t<dt class='gallery-icon portrait'>\n\t\t\t\t<a onclick=\"javascript:_gaq.push(['_trackPageview', '\/download\/wp-content\/uploads\/2011\/08\/slub24.jpg']);\"  href='http:\/\/kwiaciarniajaslo.pl\/wp-content\/uploads\/2011\/08\/slub24.jpg'><img width=\"150\" height=\"150\" src=\"http:\/\/kwiaciarniajaslo.pl\/wp-content\/uploads\/2011\/08\/slub24-150x150.jpg\" class=\"attachment-thumbnail size-thumbnail\" alt=\"\" loading=\"lazy\" \/><\/a>\n\t\t\t<\/dt><\/dl><dl class='gallery-item'>\n\t\t\t<dt class='gallery-icon landscape'>\n\t\t\t\t<a onclick=\"javascript:_gaq.push(['_trackPageview', '\/download\/wp-content\/uploads\/2011\/08\/slub31.jpg']);\"  href='http:\/\/kwiaciarniajaslo.pl\/wp-content\/uploads\/2011\/08\/slub31.jpg'><img width=\"150\" height=\"150\" src=\"http:\/\/kwiaciarniajaslo.pl\/wp-content\/uploads\/2011\/08\/slub31-150x150.jpg\" class=\"attachment-thumbnail size-thumbnail\" alt=\"\" loading=\"lazy\" \/><\/a>\n\t\t\t<\/dt><\/dl><dl class='gallery-item'>\n\t\t\t<dt class='gallery-icon landscape'>\n\t\t\t\t<a onclick=\"javascript:_gaq.push(['_trackPageview', '\/download\/wp-content\/uploads\/2011\/08\/slub61.jpg']);\"  href='http:\/\/kwiaciarniajaslo.pl\/wp-content\/uploads\/2011\/08\/slub61.jpg'><img width=\"150\" height=\"150\" src=\"http:\/\/kwiaciarniajaslo.pl\/wp-content\/uploads\/2011\/08\/slub61-150x150.jpg\" class=\"attachment-thumbnail size-thumbnail\" alt=\"\" loading=\"lazy\" \/><\/a>\n\t\t\t<\/dt><\/dl><br style=\"clear: both\" \/><dl class='gallery-item'>\n\t\t\t<dt class='gallery-icon landscape'>\n\t\t\t\t<a onclick=\"javascript:_gaq.push(['_trackPageview', '\/download\/wp-content\/uploads\/2011\/08\/slub41.jpg']);\"  href='http:\/\/kwiaciarniajaslo.pl\/wp-content\/uploads\/2011\/08\/slub41.jpg'><img width=\"150\" height=\"150\" src=\"http:\/\/kwiaciarniajaslo.pl\/wp-content\/uploads\/2011\/08\/slub41-150x150.jpg\" class=\"attachment-thumbnail size-thumbnail\" alt=\"\" loading=\"lazy\" \/><\/a>\n\t\t\t<\/dt><\/dl><dl class='gallery-item'>\n\t\t\t<dt class='gallery-icon landscape'>\n\t\t\t\t<a onclick=\"javascript:_gaq.push(['_trackPageview', '\/download\/wp-content\/uploads\/2011\/08\/slub81.jpg']);\"  href='http:\/\/kwiaciarniajaslo.pl\/wp-content\/uploads\/2011\/08\/slub81.jpg'><img width=\"150\" height=\"150\" src=\"http:\/\/kwiaciarniajaslo.pl\/wp-content\/uploads\/2011\/08\/slub81-150x150.jpg\" class=\"attachment-thumbnail size-thumbnail\" alt=\"\" loading=\"lazy\" \/><\/a>\n\t\t\t<\/dt><\/dl><dl class='gallery-item'>\n\t\t\t<dt class='gallery-icon portrait'>\n\t\t\t\t<a onclick=\"javascript:_gaq.push(['_trackPageview', '\/download\/wp-content\/uploads\/2011\/08\/slub51.jpg']);\"  href='http:\/\/kwiaciarniajaslo.pl\/wp-content\/uploads\/2011\/08\/slub51.jpg'><img width=\"150\" height=\"150\" src=\"http:\/\/kwiaciarniajaslo.pl\/wp-content\/uploads\/2011\/08\/slub51-150x150.jpg\" class=\"attachment-thumbnail size-thumbnail\" alt=\"\" loading=\"lazy\" \/><\/a>\n\t\t\t<\/dt><\/dl><br style=\"clear: both\" \/><dl class='gallery-item'>\n\t\t\t<dt class='gallery-icon portrait'>\n\t\t\t\t<a onclick=\"javascript:_gaq.push(['_trackPageview', '\/download\/wp-content\/uploads\/2011\/08\/slub91.jpg']);\"  href='http:\/\/kwiaciarniajaslo.pl\/wp-content\/uploads\/2011\/08\/slub91.jpg'><img width=\"150\" height=\"150\" src=\"http:\/\/kwiaciarniajaslo.pl\/wp-content\/uploads\/2011\/08\/slub91-150x150.jpg\" class=\"attachment-thumbnail size-thumbnail\" alt=\"\" loading=\"lazy\" \/><\/a>\n\t\t\t<\/dt><\/dl><dl class='gallery-item'>\n\t\t\t<dt class='gallery-icon portrait'>\n\t\t\t\t<a onclick=\"javascript:_gaq.push(['_trackPageview', '\/download\/wp-content\/uploads\/2011\/08\/slub111.jpg']);\"  href='http:\/\/kwiaciarniajaslo.pl\/wp-content\/uploads\/2011\/08\/slub111.jpg'><img width=\"150\" height=\"150\" src=\"http:\/\/kwiaciarniajaslo.pl\/wp-content\/uploads\/2011\/08\/slub111-150x150.jpg\" class=\"attachment-thumbnail size-thumbnail\" alt=\"\" loading=\"lazy\" \/><\/a>\n\t\t\t<\/dt><\/dl><dl class='gallery-item'>\n\t\t\t<dt class='gallery-icon landscape'>\n\t\t\t\t<a onclick=\"javascript:_gaq.push(['_trackPageview', '\/download\/wp-content\/uploads\/2011\/08\/slub121.jpg']);\"  href='http:\/\/kwiaciarniajaslo.pl\/wp-content\/uploads\/2011\/08\/slub121.jpg'><img width=\"150\" height=\"150\" src=\"http:\/\/kwiaciarniajaslo.pl\/wp-content\/uploads\/2011\/08\/slub121-150x150.jpg\" class=\"attachment-thumbnail size-thumbnail\" alt=\"\" loading=\"lazy\" \/><\/a>\n\t\t\t<\/dt><\/dl><br style=\"clear: both\" \/><dl class='gallery-item'>\n\t\t\t<dt class='gallery-icon landscape'>\n\t\t\t\t<a onclick=\"javascript:_gaq.push(['_trackPageview', '\/download\/wp-content\/uploads\/2011\/08\/slub131.jpg']);\"  href='http:\/\/kwiaciarniajaslo.pl\/wp-content\/uploads\/2011\/08\/slub131.jpg'><img width=\"150\" height=\"150\" src=\"http:\/\/kwiaciarniajaslo.pl\/wp-content\/uploads\/2011\/08\/slub131-150x150.jpg\" class=\"attachment-thumbnail size-thumbnail\" alt=\"\" loading=\"lazy\" \/><\/a>\n\t\t\t<\/dt><\/dl><dl class='gallery-item'>\n\t\t\t<dt class='gallery-icon landscape'>\n\t\t\t\t<a onclick=\"javascript:_gaq.push(['_trackPageview', '\/download\/wp-content\/uploads\/2011\/08\/slub141.jpg']);\"  href='http:\/\/kwiaciarniajaslo.pl\/wp-content\/uploads\/2011\/08\/slub141.jpg'><img width=\"150\" height=\"150\" src=\"http:\/\/kwiaciarniajaslo.pl\/wp-content\/uploads\/2011\/08\/slub141-150x150.jpg\" class=\"attachment-thumbnail size-thumbnail\" alt=\"\" loading=\"lazy\" \/><\/a>\n\t\t\t<\/dt><\/dl><dl class='gallery-item'>\n\t\t\t<dt class='gallery-icon landscape'>\n\t\t\t\t<a onclick=\"javascript:_gaq.push(['_trackPageview', '\/download\/wp-content\/uploads\/2011\/08\/slub151.jpg']);\"  href='http:\/\/kwiaciarniajaslo.pl\/wp-content\/uploads\/2011\/08\/slub151.jpg'><img width=\"150\" height=\"150\" src=\"http:\/\/kwiaciarniajaslo.pl\/wp-content\/uploads\/2011\/08\/slub151-150x150.jpg\" class=\"attachment-thumbnail size-thumbnail\" alt=\"\" loading=\"lazy\" \/><\/a>\n\t\t\t<\/dt><\/dl><br style=\"clear: both\" \/><dl class='gallery-item'>\n\t\t\t<dt class='gallery-icon portrait'>\n\t\t\t\t<a onclick=\"javascript:_gaq.push(['_trackPageview', '\/download\/wp-content\/uploads\/2011\/08\/slub161.jpg']);\"  href='http:\/\/kwiaciarniajaslo.pl\/wp-content\/uploads\/2011\/08\/slub161.jpg'><img width=\"150\" height=\"150\" src=\"http:\/\/kwiaciarniajaslo.pl\/wp-content\/uploads\/2011\/08\/slub161-150x150.jpg\" class=\"attachment-thumbnail size-thumbnail\" alt=\"\" loading=\"lazy\" \/><\/a>\n\t\t\t<\/dt><\/dl><dl class='gallery-item'>\n\t\t\t<dt class='gallery-icon landscape'>\n\t\t\t\t<a onclick=\"javascript:_gaq.push(['_trackPageview', '\/download\/wp-content\/uploads\/2011\/08\/slub281.jpg']);\"  href='http:\/\/kwiaciarniajaslo.pl\/wp-content\/uploads\/2011\/08\/slub281.jpg'><img width=\"150\" height=\"150\" src=\"http:\/\/kwiaciarniajaslo.pl\/wp-content\/uploads\/2011\/08\/slub281-150x150.jpg\" class=\"attachment-thumbnail size-thumbnail\" alt=\"\" loading=\"lazy\" \/><\/a>\n\t\t\t<\/dt><\/dl><dl class='gallery-item'>\n\t\t\t<dt class='gallery-icon landscape'>\n\t\t\t\t<a onclick=\"javascript:_gaq.push(['_trackPageview', '\/download\/wp-content\/uploads\/2011\/08\/slub29.jpg']);\"  href='http:\/\/kwiaciarniajaslo.pl\/wp-content\/uploads\/2011\/08\/slub29.jpg'><img width=\"150\" height=\"150\" src=\"http:\/\/kwiaciarniajaslo.pl\/wp-content\/uploads\/2011\/08\/slub29-150x150.jpg\" class=\"attachment-thumbnail size-thumbnail\" alt=\"\" loading=\"lazy\" \/><\/a>\n\t\t\t<\/dt><\/dl><br style=\"clear: both\" \/><dl class='gallery-item'>\n\t\t\t<dt class='gallery-icon portrait'>\n\t\t\t\t<a onclick=\"javascript:_gaq.push(['_trackPageview', '\/download\/wp-content\/uploads\/2011\/08\/slub30.jpg']);\"  href='http:\/\/kwiaciarniajaslo.pl\/wp-content\/uploads\/2011\/08\/slub30.jpg'><img width=\"150\" height=\"150\" src=\"http:\/\/kwiaciarniajaslo.pl\/wp-content\/uploads\/2011\/08\/slub30-150x150.jpg\" class=\"attachment-thumbnail size-thumbnail\" alt=\"\" loading=\"lazy\" \/><\/a>\n\t\t\t<\/dt><\/dl><dl class='gallery-item'>\n\t\t\t<dt class='gallery-icon landscape'>\n\t\t\t\t<a onclick=\"javascript:_gaq.push(['_trackPageview', '\/download\/wp-content\/uploads\/2011\/08\/slub311.jpg']);\"  href='http:\/\/kwiaciarniajaslo.pl\/wp-content\/uploads\/2011\/08\/slub311.jpg'><img width=\"150\" height=\"150\" src=\"http:\/\/kwiaciarniajaslo.pl\/wp-content\/uploads\/2011\/08\/slub311-150x150.jpg\" class=\"attachment-thumbnail size-thumbnail\" alt=\"\" loading=\"lazy\" \/><\/a>\n\t\t\t<\/dt><\/dl><dl class='gallery-item'>\n\t\t\t<dt class='gallery-icon portrait'>\n\t\t\t\t<a onclick=\"javascript:_gaq.push(['_trackPageview', '\/download\/wp-content\/uploads\/2011\/08\/slub32.jpg']);\"  href='http:\/\/kwiaciarniajaslo.pl\/wp-content\/uploads\/2011\/08\/slub32.jpg'><img width=\"150\" height=\"150\" src=\"http:\/\/kwiaciarniajaslo.pl\/wp-content\/uploads\/2011\/08\/slub32-150x150.jpg\" class=\"attachment-thumbnail size-thumbnail\" alt=\"\" loading=\"lazy\" \/><\/a>\n\t\t\t<\/dt><\/dl><br style=\"clear: both\" \/><dl class='gallery-item'>\n\t\t\t<dt class='gallery-icon landscape'>\n\t\t\t\t<a onclick=\"javascript:_gaq.push(['_trackPageview', '\/download\/wp-content\/uploads\/2011\/08\/slub33.jpg']);\"  href='http:\/\/kwiaciarniajaslo.pl\/wp-content\/uploads\/2011\/08\/slub33.jpg'><img width=\"150\" height=\"150\" src=\"http:\/\/kwiaciarniajaslo.pl\/wp-content\/uploads\/2011\/08\/slub33-150x150.jpg\" class=\"attachment-thumbnail size-thumbnail\" alt=\"\" loading=\"lazy\" \/><\/a>\n\t\t\t<\/dt><\/dl><dl class='gallery-item'>\n\t\t\t<dt class='gallery-icon portrait'>\n\t\t\t\t<a onclick=\"javascript:_gaq.push(['_trackPageview', '\/download\/wp-content\/uploads\/2011\/08\/slub36.jpg']);\"  href='http:\/\/kwiaciarniajaslo.pl\/wp-content\/uploads\/2011\/08\/slub36.jpg'><img width=\"150\" height=\"150\" src=\"http:\/\/kwiaciarniajaslo.pl\/wp-content\/uploads\/2011\/08\/slub36-150x150.jpg\" class=\"attachment-thumbnail size-thumbnail\" alt=\"\" loading=\"lazy\" \/><\/a>\n\t\t\t<\/dt><\/dl><dl class='gallery-item'>\n\t\t\t<dt class='gallery-icon portrait'>\n\t\t\t\t<a onclick=\"javascript:_gaq.push(['_trackPageview', '\/download\/wp-content\/uploads\/2011\/08\/slub35.jpg']);\"  href='http:\/\/kwiaciarniajaslo.pl\/wp-content\/uploads\/2011\/08\/slub35.jpg'><img width=\"150\" height=\"150\" src=\"http:\/\/kwiaciarniajaslo.pl\/wp-content\/uploads\/2011\/08\/slub35-150x150.jpg\" class=\"attachment-thumbnail size-thumbnail\" alt=\"\" loading=\"lazy\" \/><\/a>\n\t\t\t<\/dt><\/dl><br style=\"clear: both\" \/><dl class='gallery-item'>\n\t\t\t<dt class='gallery-icon portrait'>\n\t\t\t\t<a onclick=\"javascript:_gaq.push(['_trackPageview', '\/download\/wp-content\/uploads\/2011\/08\/slub34.jpg']);\"  href='http:\/\/kwiaciarniajaslo.pl\/wp-content\/uploads\/2011\/08\/slub34.jpg'><img width=\"150\" height=\"150\" src=\"http:\/\/kwiaciarniajaslo.pl\/wp-content\/uploads\/2011\/08\/slub34-150x150.jpg\" class=\"attachment-thumbnail size-thumbnail\" alt=\"\" loading=\"lazy\" \/><\/a>\n\t\t\t<\/dt><\/dl>\n\t\t\t<br style='clear: both' \/>\n\t\t<\/div>\n\n","protected":false},"excerpt":{"rendered":"<p>\u015alub to jeden z najwa\u017cniejszych moment\u00f3w \u017cycia. Dope\u0142nieniem sukni \u015blubnej jest bukiet. Ka\u017cda Panna M\u0142oda w tym wyj\u0105tkowym dniu chce wygl\u0105da\u0107 ol\u015bniewaj\u0105co. A to w\u0142a\u015bnie kwiaty zdobi\u0105 najlepiej kobiet\u0119. Oferujemy profesjonalny dob\u00f3r wi\u0105zanki, dopasowanej zar\u00f3wno do sukni \u015blubnej, jak i typu urody oraz makija\u017cu i fryzury Panny M\u0142odej w tym szczeg\u00f3lnym dniu. Niepowtarzalne kompozycje to [&hellip;]<\/p>\n","protected":false},"author":1,"featured_media":0,"parent":0,"menu_order":0,"comment_status":"open","ping_status":"open","template":"","meta":[],"_links":{"self":[{"href":"http:\/\/kwiaciarniajaslo.pl\/index.php\/wp-json\/wp\/v2\/pages\/198"}],"collection":[{"href":"http:\/\/kwiaciarniajaslo.pl\/index.php\/wp-json\/wp\/v2\/pages"}],"about":[{"href":"http:\/\/kwiaciarniajaslo.pl\/index.php\/wp-json\/wp\/v2\/types\/page"}],"author":[{"embeddable":true,"href":"http:\/\/kwiaciarniajaslo.pl\/index.php\/wp-json\/wp\/v2\/users\/1"}],"replies":[{"embeddable":true,"href":"http:\/\/kwiaciarniajaslo.pl\/index.php\/wp-json\/wp\/v2\/comments?post=198"}],"version-history":[{"count":40,"href":"http:\/\/kwiaciarniajaslo.pl\/index.php\/wp-json\/wp\/v2\/pages\/198\/revisions"}],"predecessor-version":[{"id":201,"href":"http:\/\/kwiaciarniajaslo.pl\/index.php\/wp-json\/wp\/v2\/pages\/198\/revisions\/201"}],"wp:attachment":[{"href":"http:\/\/kwiaciarniajaslo.pl\/index.php\/wp-json\/wp\/v2\/media?parent=198"}],"curies":[{"name":"wp","href":"https:\/\/api.w.org\/{rel}","templated":true}]}}