{"id":17,"date":"2011-08-15T17:20:51","date_gmt":"2011-08-15T17:20:51","guid":{"rendered":"http:\/\/kwiaciarniajaslo.pl\/?page_id=17"},"modified":"2021-10-16T14:19:40","modified_gmt":"2021-10-16T14:19:40","slug":"zamowienia","status":"publish","type":"page","link":"http:\/\/kwiaciarniajaslo.pl\/index.php\/zamowienia\/","title":{"rendered":"Dor\u0119czanie Kwiat\u00f3w"},"content":{"rendered":"<ul>\n<li style=\"text-align: left;\"><strong>JAS\u0141O I OKOLICE<\/strong><\/li>\n<\/ul>\n<p style=\"text-align: left;\">Je\u015bli chc\u0105 Pa\u0144stwo zam\u00f3wi\u0107 dostarczenie kwiat\u00f3w na terenie Jas\u0142a i okolic, prosimy o z\u0142o\u017cenie zam\u00f3wienia\u00a0w jednej z naszych kwiaciarni lub o kontakt telefoniczny:<\/p>\n<p style=\"text-align: left;\"><b>+48<\/b>\u00a0<strong>605 149 944<\/strong>.<\/p>\n<p style=\"text-align: left;\">Poza kwiatami mog\u0105 Pa\u0144stwo zam\u00f3wi\u0107 tak\u017ce dodatkowy prezent &#8211; czekoladki, kaw\u0119, wino lub maskotk\u0119.\u00a0My sprawimy, \u017ce ca\u0142o\u015b\u0107 b\u0119dzie wygl\u0105da\u0142a gustownie i okazale.<\/p>\n<p style=\"text-align: left;\">Numer konta:\u00a0<strong>52\u00a01020\u00a02964\u00a00000\u00a06302\u00a00047\u00a01367<\/strong><\/p>\n<ul style=\"text-align: left;\">\n<li><strong>CA\u0141Y \u015aWIAT<\/strong><\/li>\n<\/ul>\n<p style=\"text-align: left;\">Wsp\u00f3\u0142pracujemy r\u00f3wnie\u017c z serwisami <a onclick=\"javascript:_gaq.push(['_trackPageview', '\/out\/www.e-kwiaty.pl\/']);\"  href=\"https:\/\/www.e-kwiaty.pl\/\" target=\"_blank\" rel=\"noopener noreferrer\">e-kwiat.pl<\/a> oraz poczt\u0105 kwiatow\u0105, za po\u015brednictwem kt\u00f3rych mog\u0105 Pa\u0144stwo przes\u0142a\u0107 kwiaty swoim bliskim na ca\u0142ym \u015bwiecie. Szczeg\u00f3\u0142owa oferta do wgl\u0105du w naszych kwiaciarniach.<\/p>\n<p>\u00a0<img loading=\"lazy\" class=\"alignleft size-medium wp-image-26\" title=\"bukiet-kwiaciarnia-zielony-ogord\" src=\"http:\/\/kwiaciarniajaslo.pl\/wp-content\/uploads\/2011\/08\/Stunning_bouquet_Angle2-300x300.jpg\" alt=\"\" width=\"300\" height=\"300\" srcset=\"http:\/\/kwiaciarniajaslo.pl\/wp-content\/uploads\/2011\/08\/Stunning_bouquet_Angle2-300x300.jpg 300w, http:\/\/kwiaciarniajaslo.pl\/wp-content\/uploads\/2011\/08\/Stunning_bouquet_Angle2-150x150.jpg 150w, http:\/\/kwiaciarniajaslo.pl\/wp-content\/uploads\/2011\/08\/Stunning_bouquet_Angle2.jpg 600w\" sizes=\"(max-width: 300px) 100vw, 300px\" \/><\/p>\n","protected":false},"excerpt":{"rendered":"<p>JAS\u0141O I OKOLICE Je\u015bli chc\u0105 Pa\u0144stwo zam\u00f3wi\u0107 dostarczenie kwiat\u00f3w na terenie Jas\u0142a i okolic, prosimy o z\u0142o\u017cenie zam\u00f3wienia\u00a0w jednej z naszych kwiaciarni lub o kontakt telefoniczny: +48\u00a0605 149 944. Poza kwiatami mog\u0105 Pa\u0144stwo zam\u00f3wi\u0107 tak\u017ce dodatkowy prezent &#8211; czekoladki, kaw\u0119, wino lub maskotk\u0119.\u00a0My sprawimy, \u017ce ca\u0142o\u015b\u0107 b\u0119dzie wygl\u0105da\u0142a gustownie i okazale. Numer konta:\u00a052\u00a01020\u00a02964\u00a00000\u00a06302\u00a00047\u00a01367 CA\u0141Y \u015aWIAT [&hellip;]<\/p>\n","protected":false},"author":1,"featured_media":0,"parent":0,"menu_order":0,"comment_status":"open","ping_status":"open","template":"","meta":[],"_links":{"self":[{"href":"http:\/\/kwiaciarniajaslo.pl\/index.php\/wp-json\/wp\/v2\/pages\/17"}],"collection":[{"href":"http:\/\/kwiaciarniajaslo.pl\/index.php\/wp-json\/wp\/v2\/pages"}],"about":[{"href":"http:\/\/kwiaciarniajaslo.pl\/index.php\/wp-json\/wp\/v2\/types\/page"}],"author":[{"embeddable":true,"href":"http:\/\/kwiaciarniajaslo.pl\/index.php\/wp-json\/wp\/v2\/users\/1"}],"replies":[{"embeddable":true,"href":"http:\/\/kwiaciarniajaslo.pl\/index.php\/wp-json\/wp\/v2\/comments?post=17"}],"version-history":[{"count":18,"href":"http:\/\/kwiaciarniajaslo.pl\/index.php\/wp-json\/wp\/v2\/pages\/17\/revisions"}],"predecessor-version":[{"id":666,"href":"http:\/\/kwiaciarniajaslo.pl\/index.php\/wp-json\/wp\/v2\/pages\/17\/revisions\/666"}],"wp:attachment":[{"href":"http:\/\/kwiaciarniajaslo.pl\/index.php\/wp-json\/wp\/v2\/media?parent=17"}],"curies":[{"name":"wp","href":"https:\/\/api.w.org\/{rel}","templated":true}]}}