{"id":14,"date":"2011-08-15T17:12:55","date_gmt":"2011-08-15T17:12:55","guid":{"rendered":"http:\/\/kwiaciarniajaslo.pl\/?page_id=14"},"modified":"2011-11-25T13:37:24","modified_gmt":"2011-11-25T13:37:24","slug":"nasza-oferta","status":"publish","type":"page","link":"http:\/\/kwiaciarniajaslo.pl\/index.php\/nasza-oferta\/","title":{"rendered":"Oferta"},"content":{"rendered":"<table border=\"0\" cellspacing=\"0\" cellpadding=\"0\">\n<tbody>\n<tr>\n<td valign=\"top\" width=\"205\">\n<p align=\"center\"><strong><em><a href=\"http:\/\/kwiaciarniajaslo.pl\/index.php\/florystyka-slubna\/\">Florystyka<br \/>\n<\/a> <\/em><\/strong><strong><em><a href=\"http:\/\/kwiaciarniajaslo.pl\/index.php\/florystyka-slubna\/\">\u015alubna<\/a><\/em><\/strong><\/p>\n<p><a href=\"http:\/\/kwiaciarniajaslo.pl\/index.php\/florystyka-slubna\/\"><img loading=\"lazy\" class=\"aligncenter size-thumbnail wp-image-504\" title=\"slubna\" src=\"http:\/\/kwiaciarniajaslo.pl\/wp-content\/uploads\/2011\/08\/slubna2-150x150.jpg\" alt=\"\" width=\"150\" height=\"150\" \/><\/a><\/p>\n<ul>\n<li><em>Wi\u0105zanki dla Panny M\u0142odej i \u015bwiadka<\/em><\/li>\n<li><em>Butonierki<\/em><\/li>\n<li><em>Bi\u017cuteria z kwiat\u00f3w<\/em><\/li>\n<li><em>Aran\u017cacje sal weselnych<\/em><\/li>\n<li><em>Dekoracje ko\u015bcio\u0142\u00f3w<\/em><\/li>\n<li><em>Dekoracje samochod\u00f3w<\/em><\/li>\n<li><em>Bukiety dla rodzic\u00f3w Pa\u0144stwa M\u0142odych<\/em><\/li>\n<\/ul>\n<\/td>\n<td valign=\"top\" width=\"205\">\n<p align=\"center\"><strong><em><a href=\"http:\/\/kwiaciarniajaslo.pl\/index.php\/florystyka-okolicznosciowa\/\">Florystyka<br \/>\nOkoliczno\u015bciowa<\/a><\/em><\/strong><\/p>\n<p align=\"center\"><a href=\"http:\/\/kwiaciarniajaslo.pl\/index.php\/florystyka-okolicznosciowa\/\"><img loading=\"lazy\" title=\"okolicznosciowa\" src=\"http:\/\/kwiaciarniajaslo.pl\/wp-content\/uploads\/2011\/08\/okolicznosciowa-150x150.jpg\" alt=\"\" width=\"150\" height=\"150\" \/><\/a><\/p>\n<ul>\n<li><em>Bukiety na ka\u017cd\u0105 okazj\u0119<\/em><\/li>\n<li><em>Kompozycje<br \/>\nz kwiat\u00f3w \u017cywych<br \/>\ni sztucznych<\/em><\/li>\n<li><em>Kosze z kwiat\u00f3w \u017cywych<br \/>\ni sztucznych<\/em><\/li>\n<li><em>Stroiki okoliczo\u015bciowe<\/em><\/li>\n<\/ul>\n<p><strong><em><span class=\"Apple-style-span\" style=\"font-style: normal; font-weight: normal;\"><strong><em><br \/>\n<\/em><\/strong><\/span><\/em><\/strong><\/td>\n<td valign=\"top\" width=\"205\">\n<p align=\"center\"><strong><em><a href=\"http:\/\/kwiaciarniajaslo.pl\/index.php\/florystyka-zalobna\/\">Florystyka<br \/>\n\u017ba\u0142obna<\/a><\/em><\/strong><\/p>\n<p style=\"text-align: center;\"><a href=\"http:\/\/kwiaciarniajaslo.pl\/index.php\/florystyka-zalobna\/\"><img loading=\"lazy\" class=\"aligncenter size-thumbnail wp-image-500\" title=\"zalobna\" src=\"http:\/\/kwiaciarniajaslo.pl\/wp-content\/uploads\/2011\/08\/zalobna3-150x150.jpg\" alt=\"\" width=\"150\" height=\"150\" \/><\/a><\/p>\n<ul>\n<li><em>Wie\u0144ce pogrzebowe<\/em><\/li>\n<li><em>Wi\u0105zanki pogrzebowe<\/em><\/li>\n<li><em>Wi\u0105zanki kondolencyjne<\/em><\/li>\n<li><em>Dekoracje trumien<br \/>\ni urn<\/em><\/li>\n<li><em>Kompozycje nagrobne<\/em><\/li>\n<\/ul>\n<\/td>\n<\/tr>\n<\/tbody>\n<\/table>\n<p>&nbsp;<\/p>\n<table border=\"0\" cellspacing=\"0\" cellpadding=\"0\">\n<tbody>\n<tr>\n<td style=\"text-align: center;\" valign=\"top\" width=\"205\">\n<p align=\"center\"><strong><em><a href=\"http:\/\/kwiaciarniajaslo.pl\/index.php\/oferta-dla-firm\/\">Oferta dla Firm<\/a><\/em><\/strong><\/p>\n<p style=\"text-align: center;\"><a href=\"http:\/\/kwiaciarniajaslo.pl\/index.php\/oferta-dla-firm\/\"><img loading=\"lazy\" class=\"aligncenter size-thumbnail wp-image-526\" title=\"special\" src=\"http:\/\/kwiaciarniajaslo.pl\/wp-content\/uploads\/2011\/08\/special3-150x150.jpg\" alt=\"\" width=\"150\" height=\"150\" \/><\/a><a href=\"http:\/\/kwiaciarniajaslo.pl\/index.php\/oferta-dla-firm\/\"><br \/>\n<\/a><em>Wykwalifikowane florystki doskonale doradz\u0105\u00a0i stworz\u0105 niepowtarzaln\u0105 atmosfer\u0119 biura, recepcji hotelowej, bankietu, balu, kawiarni, czy innych pomieszcze\u0144 u\u017cyteczno\u015bci publicznej.<\/em><\/p>\n<p><strong><em>\u00a0<\/em><\/strong><\/td>\n<td style=\"text-align: center;\" valign=\"top\" width=\"205\">\n<p align=\"center\"><strong><em><a href=\"http:\/\/kwiaciarniajaslo.pl\/index.php\/zamowienia-specjalne\/\">Za<\/a><\/em><\/strong><strong><em><a href=\"http:\/\/kwiaciarniajaslo.pl\/index.php\/zamowienia-specjalne\/\">m\u00f3wienia Specjalne\u00a0<\/a><\/em><\/strong><\/p>\n<p align=\"center\"><a href=\"http:\/\/kwiaciarniajaslo.pl\/index.php\/zamowienia-specjalne\/\"><img loading=\"lazy\" class=\"aligncenter size-thumbnail wp-image-523\" title=\"heart\" src=\"http:\/\/kwiaciarniajaslo.pl\/wp-content\/uploads\/2011\/08\/heart-150x150.jpg\" alt=\"\" width=\"150\" height=\"150\" \/><\/a><strong><em><\/em><\/strong><\/p>\n<p align=\"center\"><strong><em><span class=\"Apple-style-span\" style=\"font-weight: normal;\">Spe\u0142nimy Pa\u0144stwa wymagania<br \/>\n<\/span><\/em><\/strong><strong><em><span class=\"Apple-style-span\" style=\"font-weight: normal;\">i przygotujemy nawet najbardziej nietypow\u0105 aran\u017cacj\u0119 z kwiat\u00f3w \u017cywych lub sztucznych.<\/span><\/em><\/strong><\/p>\n<p><strong><em>\u00a0<\/em><\/strong><\/p>\n<p><strong><em>\u00a0<\/em><\/strong><\/td>\n<td style=\"text-align: center;\" valign=\"top\" width=\"205\">\n<p align=\"center\"><strong><em><a href=\"http:\/\/kwiaciarniajaslo.pl\/index.php\/pozostale\/\">Pozosta\u0142e<\/a><\/em><\/strong><\/p>\n<p><a href=\"http:\/\/kwiaciarniajaslo.pl\/index.php\/pozostale\/\"><img loading=\"lazy\" class=\"aligncenter size-thumbnail wp-image-532\" title=\"pozostale\" src=\"http:\/\/kwiaciarniajaslo.pl\/wp-content\/uploads\/2011\/08\/pozostale1-150x150.jpg\" alt=\"\" width=\"150\" height=\"150\" \/><\/a><a href=\"http:\/\/kwiaciarniajaslo.pl\/index.php\/pozostale\/\"><br \/>\n<\/a><em>W swojej ofercie posiadamy\u00a0 bogaty wyb\u00f3r kwiat\u00f3w doniczkowych, z kt\u00f3rych, na Pa\u0144stwa \u017cyczenie,\u00a0 przygotujemy odpowiedni\u0105 aran\u017cacj\u0119<\/em>.<\/p>\n<p><em>Oferujemy <em>r\u00f3wnie\u017c <\/em>wiele wzor\u00f3w doniczek oraz os\u0142on, zar\u00f3wno ceramicznych, jak i z tworzywa sztucznego.<\/em><\/td>\n<\/tr>\n<\/tbody>\n<\/table>\n","protected":false},"excerpt":{"rendered":"<p>Florystyka \u015alubna Wi\u0105zanki dla Panny M\u0142odej i \u015bwiadka Butonierki Bi\u017cuteria z kwiat\u00f3w Aran\u017cacje sal weselnych Dekoracje ko\u015bcio\u0142\u00f3w Dekoracje samochod\u00f3w Bukiety dla rodzic\u00f3w Pa\u0144stwa M\u0142odych Florystyka Okoliczno\u015bciowa Bukiety na ka\u017cd\u0105 okazj\u0119 Kompozycje z kwiat\u00f3w \u017cywych i sztucznych Kosze z kwiat\u00f3w \u017cywych i sztucznych Stroiki okoliczo\u015bciowe Florystyka \u017ba\u0142obna Wie\u0144ce pogrzebowe Wi\u0105zanki pogrzebowe Wi\u0105zanki kondolencyjne Dekoracje trumien i [&hellip;]<\/p>\n","protected":false},"author":1,"featured_media":0,"parent":0,"menu_order":0,"comment_status":"open","ping_status":"open","template":"","meta":[],"_links":{"self":[{"href":"http:\/\/kwiaciarniajaslo.pl\/index.php\/wp-json\/wp\/v2\/pages\/14"}],"collection":[{"href":"http:\/\/kwiaciarniajaslo.pl\/index.php\/wp-json\/wp\/v2\/pages"}],"about":[{"href":"http:\/\/kwiaciarniajaslo.pl\/index.php\/wp-json\/wp\/v2\/types\/page"}],"author":[{"embeddable":true,"href":"http:\/\/kwiaciarniajaslo.pl\/index.php\/wp-json\/wp\/v2\/users\/1"}],"replies":[{"embeddable":true,"href":"http:\/\/kwiaciarniajaslo.pl\/index.php\/wp-json\/wp\/v2\/comments?post=14"}],"version-history":[{"count":83,"href":"http:\/\/kwiaciarniajaslo.pl\/index.php\/wp-json\/wp\/v2\/pages\/14\/revisions"}],"predecessor-version":[{"id":20,"href":"http:\/\/kwiaciarniajaslo.pl\/index.php\/wp-json\/wp\/v2\/pages\/14\/revisions\/20"}],"wp:attachment":[{"href":"http:\/\/kwiaciarniajaslo.pl\/index.php\/wp-json\/wp\/v2\/media?parent=14"}],"curies":[{"name":"wp","href":"https:\/\/api.w.org\/{rel}","templated":true}]}}